{"id":13419,"date":"2017-11-20T12:28:58","date_gmt":"2017-11-20T12:28:58","guid":{"rendered":"http:\/\/dolphinx.eu\/test\/pedikur\/?page_id=13419"},"modified":"2017-12-14T20:44:54","modified_gmt":"2017-12-14T20:44:54","slug":"podos-rendeles","status":"publish","type":"page","link":"https:\/\/borgyogyaszespedikuros.hu\/index.php\/podos-rendeles\/","title":{"rendered":"PODOS rendel\u00e9s"},"content":{"rendered":"<div class=\"wpb-content-wrapper\"><p>[vc_row][vc_column width=&#8221;2\/3&#8243;][vc_empty_space][vc_custom_heading text=&#8221;PODOS cip\u0151steriliz\u00e1tor rendel\u00e9s&#8221; google_fonts=&#8221;font_family:Open%20Sans%3A300%2C300italic%2Cregular%2Citalic%2C600%2C600italic%2C700%2C700italic%2C800%2C800italic|font_style:400%20regular%3A400%3Anormal&#8221;][vc_separator color=&#8221;custom&#8221; align=&#8221;align_left&#8221; el_width=&#8221;20&#8243; css_animation=&#8221;fadeInLeft&#8221; accent_color=&#8221;#da6317&#8243;][vc_column_text]<span style=\"color: #000000;\">A cip\u0151steriliz\u00e1tor beszerz\u00e9se illetve megv\u00e1s\u00e1rl\u00e1sa a pedik\u0171r\u00f6s\u00f6k \u00e1ltal<\/span><\/p>\n<p>Telefonon, az al\u00e1bbi form kit\u00f6lt\u00e9s\u00e9vel vagy szem\u00e9lyesen lehets\u00e9ges beszerezni speci\u00e1lis \u00e1ron a cip\u0151steriliz\u00e1tort a pedik\u0171r\u00f6s\u00f6knek!<\/p>\n<p>Tel: +36302190100<\/p>\n<p>C\u00edm: 1016 Budapest Zsolt utca 4.[\/vc_column_text]\n<div class=\"wpcf7 no-js\" id=\"wpcf7-f13453-o1\" lang=\"hu-HU\" dir=\"ltr\" data-wpcf7-id=\"13453\">\n<div class=\"screen-reader-response\"><p role=\"status\" aria-live=\"polite\" aria-atomic=\"true\"><\/p> <ul><\/ul><\/div>\n<form action=\"\/index.php\/wp-json\/wp\/v2\/pages\/13419#wpcf7-f13453-o1\" method=\"post\" class=\"wpcf7-form init\" aria-label=\"Kapcsolatfelv\u00e9teli \u0171rlap\" novalidate=\"novalidate\" data-status=\"init\">\n<fieldset class=\"hidden-fields-container\"><input type=\"hidden\" name=\"_wpcf7\" value=\"13453\" \/><input type=\"hidden\" name=\"_wpcf7_version\" value=\"6.1.5\" \/><input type=\"hidden\" name=\"_wpcf7_locale\" value=\"hu_HU\" \/><input type=\"hidden\" name=\"_wpcf7_unit_tag\" value=\"wpcf7-f13453-o1\" \/><input type=\"hidden\" name=\"_wpcf7_container_post\" value=\"0\" \/><input type=\"hidden\" name=\"_wpcf7_posted_data_hash\" value=\"\" \/><input type=\"hidden\" name=\"_wpcf7_recaptcha_response\" value=\"\" \/>\n<\/fieldset>\n<p><label> N\u00e9v (k\u00f6telez\u0151)<br \/>\n<span class=\"wpcf7-form-control-wrap\" data-name=\"your-name\"><input size=\"40\" maxlength=\"400\" class=\"wpcf7-form-control wpcf7-text wpcf7-validates-as-required\" aria-required=\"true\" aria-invalid=\"false\" value=\"\" type=\"text\" name=\"your-name\" \/><\/span> <\/label>\n<\/p>\n<p><label> Email c\u00edm (k\u00f6telez\u0151)<br \/>\n<span class=\"wpcf7-form-control-wrap\" data-name=\"your-email\"><input size=\"40\" maxlength=\"400\" class=\"wpcf7-form-control wpcf7-email wpcf7-validates-as-required wpcf7-text wpcf7-validates-as-email\" aria-required=\"true\" aria-invalid=\"false\" value=\"\" type=\"email\" name=\"your-email\" \/><\/span> <\/label>\n<\/p>\n<p><label> Telefonsz\u00e1m (k\u00f6telez\u0151)<br \/>\n<span class=\"wpcf7-form-control-wrap\" data-name=\"tel-658\"><input size=\"40\" maxlength=\"400\" class=\"wpcf7-form-control wpcf7-tel wpcf7-validates-as-required wpcf7-text wpcf7-validates-as-tel\" aria-required=\"true\" aria-invalid=\"false\" value=\"\" type=\"tel\" name=\"tel-658\" \/><\/span><\/label>\n<\/p>\n<p><label> V\u00e1lassz darabsz\u00e1mot<br \/>\n<span class=\"wpcf7-form-control-wrap\" data-name=\"menu-484\"><select class=\"wpcf7-form-control wpcf7-select wpcf7-validates-as-required\" aria-required=\"true\" aria-invalid=\"false\" name=\"menu-484\"><option value=\"1 db\">1 db<\/option><option value=\"2 db\">2 db<\/option><option value=\"3 db\">3 db<\/option><option value=\"4 db\">4 db<\/option><\/select><\/span><\/label>\n<\/p>\n<p><span class=\"wpcf7-form-control-wrap\" data-name=\"checkbox-131\"><span class=\"wpcf7-form-control wpcf7-checkbox wpcf7-validates-as-required\"><span class=\"wpcf7-list-item first last\"><input type=\"checkbox\" name=\"checkbox-131[]\" value=\"Elolvastam \u00e9s elfogadom a v\u00e1s\u00e1rl\u00e1sra vonatkoz\u00f3 felt\u00e9teleket \u00e9s kik\u00f6t\u00e9seket.\" \/><span class=\"wpcf7-list-item-label\">Elolvastam \u00e9s elfogadom a v\u00e1s\u00e1rl\u00e1sra vonatkoz\u00f3 felt\u00e9teleket \u00e9s kik\u00f6t\u00e9seket.<\/span><\/span><\/span><\/span>\n<\/p>\n<p><input class=\"wpcf7-form-control wpcf7-submit has-spinner\" type=\"submit\" value=\"Megrendel\u00e9s\" \/>\n<\/p><div class=\"wpcf7-response-output\" aria-hidden=\"true\"><\/div>\n<\/form>\n<\/div>\n[\/vc_column][vc_column width=&#8221;1\/3&#8243;][vc_empty_space][dh_box_feature style=&#8221;5&#8243; link_title=&#8221;REGISZTR\u00c1LOK&#8221; title=&#8221;PARTNER REGISZTR\u00c1CI\u00d3&#8221; href=&#8221;https:\/\/borgyogyaszespedikuros.hu\/index.php\/partner-regisztracio\/&#8221;][vc_empty_space][dh_box_feature style=&#8221;5&#8243; link_title=&#8221;TOV\u00c1BB&#8221; title=&#8221;ID\u0150PONT K\u00c9R\u00c9S&#8221; href=&#8221;https:\/\/borgyogyaszespedikuros.hu\/index.php\/idopont-keres\/&#8221;][vc_empty_space][\/vc_column][\/vc_row][vc_row][vc_column width=&#8221;1\/3&#8243;][\/vc_column][\/vc_row]<\/p>\n<\/div>","protected":false},"excerpt":{"rendered":"<p>[vc_row][vc_column width=&#8221;2\/3&#8243;][vc_empty_space][vc_custom_heading text=&#8221;PODOS cip\u0151steriliz\u00e1tor rendel\u00e9s&#8221; google_fonts=&#8221;font_family:Open%20Sans%3A300%2C300italic%2Cregular%2Citalic%2C600%2C600italic%2C700%2C700italic%2C800%2C800italic|font_style:400%20regular%3A400%3Anormal&#8221;][vc_separator color=&#8221;custom&#8221; align=&#8221;align_left&#8221; el_width=&#8221;20&#8243; css_animation=&#8221;fadeInLeft&#8221; accent_color=&#8221;#da6317&#8243;][vc_column_text]A cip\u0151steriliz\u00e1tor beszerz\u00e9se illetve megv\u00e1s\u00e1rl\u00e1sa a pedik\u0171r\u00f6s\u00f6k \u00e1ltal Telefonon, az al\u00e1bbi form kit\u00f6lt\u00e9s\u00e9vel vagy szem\u00e9lyesen lehets\u00e9ges beszerezni speci\u00e1lis \u00e1ron a cip\u0151steriliz\u00e1tort a pedik\u0171r\u00f6s\u00f6knek! Tel: +36302190100 C\u00edm: 1016 Budapest Zsolt utca 4.[\/vc_column_text][\/vc_column][vc_column width=&#8221;1\/3&#8243;][vc_empty_space][dh_box_feature style=&#8221;5&#8243; link_title=&#8221;REGISZTR\u00c1LOK&#8221; title=&#8221;PARTNER REGISZTR\u00c1CI\u00d3&#8221; href=&#8221;https:\/\/borgyogyaszespedikuros.hu\/index.php\/partner-regisztracio\/&#8221;][vc_empty_space][dh_box_feature style=&#8221;5&#8243; link_title=&#8221;TOV\u00c1BB&#8221; title=&#8221;ID\u0150PONT K\u00c9R\u00c9S&#8221; href=&#8221;https:\/\/borgyogyaszespedikuros.hu\/index.php\/idopont-keres\/&#8221;][vc_empty_space][\/vc_column][\/vc_row][vc_row][vc_column width=&#8221;1\/3&#8243;][\/vc_column][\/vc_row]<\/p>\n","protected":false},"author":1,"featured_media":0,"parent":0,"menu_order":0,"comment_status":"closed","ping_status":"closed","template":"page-no-sidebar.php","meta":{"footnotes":""},"class_list":["post-13419","page","type-page","status-publish","hentry"],"_links":{"self":[{"href":"https:\/\/borgyogyaszespedikuros.hu\/index.php\/wp-json\/wp\/v2\/pages\/13419","targetHints":{"allow":["GET"]}}],"collection":[{"href":"https:\/\/borgyogyaszespedikuros.hu\/index.php\/wp-json\/wp\/v2\/pages"}],"about":[{"href":"https:\/\/borgyogyaszespedikuros.hu\/index.php\/wp-json\/wp\/v2\/types\/page"}],"author":[{"embeddable":true,"href":"https:\/\/borgyogyaszespedikuros.hu\/index.php\/wp-json\/wp\/v2\/users\/1"}],"replies":[{"embeddable":true,"href":"https:\/\/borgyogyaszespedikuros.hu\/index.php\/wp-json\/wp\/v2\/comments?post=13419"}],"version-history":[{"count":4,"href":"https:\/\/borgyogyaszespedikuros.hu\/index.php\/wp-json\/wp\/v2\/pages\/13419\/revisions"}],"predecessor-version":[{"id":13504,"href":"https:\/\/borgyogyaszespedikuros.hu\/index.php\/wp-json\/wp\/v2\/pages\/13419\/revisions\/13504"}],"wp:attachment":[{"href":"https:\/\/borgyogyaszespedikuros.hu\/index.php\/wp-json\/wp\/v2\/media?parent=13419"}],"curies":[{"name":"wp","href":"https:\/\/api.w.org\/{rel}","templated":true}]}}