{"id":13417,"date":"2017-11-20T12:27:06","date_gmt":"2017-11-20T12:27:06","guid":{"rendered":"http:\/\/dolphinx.eu\/test\/pedikur\/?page_id=13417"},"modified":"2017-12-14T20:37:27","modified_gmt":"2017-12-14T20:37:27","slug":"idopont-keres","status":"publish","type":"page","link":"https:\/\/borgyogyaszespedikuros.hu\/index.php\/idopont-keres\/","title":{"rendered":"Id\u0151pont k\u00e9r\u00e9s"},"content":{"rendered":"<div class=\"wpb-content-wrapper\"><p>[vc_row][vc_column width=&#8221;2\/3&#8243;][vc_empty_space][vc_custom_heading text=&#8221;Id\u0151pont k\u00e9r\u00e9s&#8221; google_fonts=&#8221;font_family:Open%20Sans%3A300%2C300italic%2Cregular%2Citalic%2C600%2C600italic%2C700%2C700italic%2C800%2C800italic|font_style:400%20regular%3A400%3Anormal&#8221;][vc_separator color=&#8221;custom&#8221; align=&#8221;align_left&#8221; el_width=&#8221;20&#8243; css_animation=&#8221;fadeInLeft&#8221; accent_color=&#8221;#da6317&#8243;][vc_column_text]<span style=\"color: #000000;\">Itt k\u00e9rhet id\u0151pontot a N\u00e9met B\u0151rgy\u00f3gy\u00e1szati Int\u00e9zet megl\u00e1togat\u00e1s\u00e1ra. T\u00f6ltse ki a mez\u0151ket \u00e9s nyomja meg a k\u00fcld\u00e9s gombot!<\/span>[\/vc_column_text]\n<div class=\"wpcf7 no-js\" id=\"wpcf7-f13457-o1\" lang=\"hu-HU\" dir=\"ltr\" data-wpcf7-id=\"13457\">\n<div class=\"screen-reader-response\"><p role=\"status\" aria-live=\"polite\" aria-atomic=\"true\"><\/p> <ul><\/ul><\/div>\n<form action=\"\/index.php\/wp-json\/wp\/v2\/pages\/13417#wpcf7-f13457-o1\" method=\"post\" class=\"wpcf7-form init\" aria-label=\"Kapcsolatfelv\u00e9teli \u0171rlap\" novalidate=\"novalidate\" data-status=\"init\">\n<fieldset class=\"hidden-fields-container\"><input type=\"hidden\" name=\"_wpcf7\" value=\"13457\" \/><input type=\"hidden\" name=\"_wpcf7_version\" value=\"6.1.5\" \/><input type=\"hidden\" name=\"_wpcf7_locale\" value=\"hu_HU\" \/><input type=\"hidden\" name=\"_wpcf7_unit_tag\" value=\"wpcf7-f13457-o1\" \/><input type=\"hidden\" name=\"_wpcf7_container_post\" value=\"0\" \/><input type=\"hidden\" name=\"_wpcf7_posted_data_hash\" value=\"\" \/><input type=\"hidden\" name=\"_wpcf7_recaptcha_response\" value=\"\" \/>\n<\/fieldset>\n<p><label> N\u00e9v (k\u00f6telez\u0151)<br \/>\n<span class=\"wpcf7-form-control-wrap\" data-name=\"your-name\"><input size=\"40\" maxlength=\"400\" class=\"wpcf7-form-control wpcf7-text wpcf7-validates-as-required\" aria-required=\"true\" aria-invalid=\"false\" value=\"\" type=\"text\" name=\"your-name\" \/><\/span> <\/label>\n<\/p>\n<p><label> Email c\u00edm (k\u00f6telez\u0151)<br \/>\n<span class=\"wpcf7-form-control-wrap\" data-name=\"your-email\"><input size=\"40\" maxlength=\"400\" class=\"wpcf7-form-control wpcf7-email wpcf7-validates-as-required wpcf7-text wpcf7-validates-as-email\" aria-required=\"true\" aria-invalid=\"false\" value=\"\" type=\"email\" name=\"your-email\" \/><\/span> <\/label>\n<\/p>\n<p><label> Telefonsz\u00e1m (k\u00f6telez\u0151)<br \/>\n<span class=\"wpcf7-form-control-wrap\" data-name=\"tel-658\"><input size=\"40\" maxlength=\"400\" class=\"wpcf7-form-control wpcf7-tel wpcf7-validates-as-required wpcf7-text wpcf7-validates-as-tel\" aria-required=\"true\" aria-invalid=\"false\" value=\"\" type=\"tel\" name=\"tel-658\" \/><\/span><\/label>\n<\/p>\n<p><input class=\"wpcf7-form-control wpcf7-submit has-spinner\" type=\"submit\" value=\"K\u00fcld\u00e9s\" \/>\n<\/p><div class=\"wpcf7-response-output\" aria-hidden=\"true\"><\/div>\n<\/form>\n<\/div>\n[\/vc_column][vc_column width=&#8221;1\/3&#8243;][vc_empty_space][dh_box_feature style=&#8221;5&#8243; link_title=&#8221;REGISZTR\u00c1LOK&#8221; title=&#8221;PARTNER REGISZTR\u00c1CI\u00d3&#8221; href=&#8221;https:\/\/borgyogyaszespedikuros.hu\/index.php\/partner-regisztracio\/&#8221;][vc_empty_space][dh_box_feature style=&#8221;5&#8243; link_title=&#8221;TOV\u00c1BB&#8221; title=&#8221;PODOS RENDEL\u00c9SE&#8221; href=&#8221;https:\/\/borgyogyaszespedikuros.hu\/index.php\/podos-rendeles\/&#8221;][\/vc_column][\/vc_row][vc_row][vc_column width=&#8221;1\/3&#8243;][\/vc_column][\/vc_row]<\/p>\n<\/div>","protected":false},"excerpt":{"rendered":"<p>[vc_row][vc_column width=&#8221;2\/3&#8243;][vc_empty_space][vc_custom_heading text=&#8221;Id\u0151pont k\u00e9r\u00e9s&#8221; google_fonts=&#8221;font_family:Open%20Sans%3A300%2C300italic%2Cregular%2Citalic%2C600%2C600italic%2C700%2C700italic%2C800%2C800italic|font_style:400%20regular%3A400%3Anormal&#8221;][vc_separator color=&#8221;custom&#8221; align=&#8221;align_left&#8221; el_width=&#8221;20&#8243; css_animation=&#8221;fadeInLeft&#8221; accent_color=&#8221;#da6317&#8243;][vc_column_text]Itt k\u00e9rhet id\u0151pontot a N\u00e9met B\u0151rgy\u00f3gy\u00e1szati Int\u00e9zet megl\u00e1togat\u00e1s\u00e1ra. T\u00f6ltse ki a mez\u0151ket \u00e9s nyomja meg a k\u00fcld\u00e9s gombot![\/vc_column_text][\/vc_column][vc_column width=&#8221;1\/3&#8243;][vc_empty_space][dh_box_feature style=&#8221;5&#8243; link_title=&#8221;REGISZTR\u00c1LOK&#8221; title=&#8221;PARTNER REGISZTR\u00c1CI\u00d3&#8221; href=&#8221;https:\/\/borgyogyaszespedikuros.hu\/index.php\/partner-regisztracio\/&#8221;][vc_empty_space][dh_box_feature style=&#8221;5&#8243; link_title=&#8221;TOV\u00c1BB&#8221; title=&#8221;PODOS RENDEL\u00c9SE&#8221; href=&#8221;https:\/\/borgyogyaszespedikuros.hu\/index.php\/podos-rendeles\/&#8221;][\/vc_column][\/vc_row][vc_row][vc_column width=&#8221;1\/3&#8243;][\/vc_column][\/vc_row]<\/p>\n","protected":false},"author":1,"featured_media":0,"parent":0,"menu_order":0,"comment_status":"closed","ping_status":"closed","template":"page-no-sidebar.php","meta":{"footnotes":""},"class_list":["post-13417","page","type-page","status-publish","hentry"],"_links":{"self":[{"href":"https:\/\/borgyogyaszespedikuros.hu\/index.php\/wp-json\/wp\/v2\/pages\/13417","targetHints":{"allow":["GET"]}}],"collection":[{"href":"https:\/\/borgyogyaszespedikuros.hu\/index.php\/wp-json\/wp\/v2\/pages"}],"about":[{"href":"https:\/\/borgyogyaszespedikuros.hu\/index.php\/wp-json\/wp\/v2\/types\/page"}],"author":[{"embeddable":true,"href":"https:\/\/borgyogyaszespedikuros.hu\/index.php\/wp-json\/wp\/v2\/users\/1"}],"replies":[{"embeddable":true,"href":"https:\/\/borgyogyaszespedikuros.hu\/index.php\/wp-json\/wp\/v2\/comments?post=13417"}],"version-history":[{"count":8,"href":"https:\/\/borgyogyaszespedikuros.hu\/index.php\/wp-json\/wp\/v2\/pages\/13417\/revisions"}],"predecessor-version":[{"id":13464,"href":"https:\/\/borgyogyaszespedikuros.hu\/index.php\/wp-json\/wp\/v2\/pages\/13417\/revisions\/13464"}],"wp:attachment":[{"href":"https:\/\/borgyogyaszespedikuros.hu\/index.php\/wp-json\/wp\/v2\/media?parent=13417"}],"curies":[{"name":"wp","href":"https:\/\/api.w.org\/{rel}","templated":true}]}}