{"id":13382,"date":"2017-11-19T21:55:39","date_gmt":"2017-11-19T21:55:39","guid":{"rendered":"http:\/\/dolphinx.eu\/test\/pedikur\/?page_id=13382"},"modified":"2017-12-14T18:21:53","modified_gmt":"2017-12-14T18:21:53","slug":"kooperacios-partner","status":"publish","type":"page","link":"https:\/\/borgyogyaszespedikuros.hu\/index.php\/kooperacios-partner\/","title":{"rendered":"Kooper\u00e1ci\u00f3s partner"},"content":{"rendered":"<div class=\"wpb-content-wrapper\"><p>[vc_row][vc_column width=&#8221;2\/3&#8243;][vc_empty_space][vc_custom_heading text=&#8221;Hogyan lehet egy pedik\u0171r\u00f6s a N\u00e9met B\u0151rgy\u00f3gy\u00e1szati Int\u00e9zet kooper\u00e1ci\u00f3s partnere?&#8221; google_fonts=&#8221;font_family:Open%20Sans%3A300%2C300italic%2Cregular%2Citalic%2C600%2C600italic%2C700%2C700italic%2C800%2C800italic|font_style:400%20regular%3A400%3Anormal&#8221;][vc_separator color=&#8221;custom&#8221; align=&#8221;align_left&#8221; el_width=&#8221;20&#8243; css_animation=&#8221;fadeInLeft&#8221; accent_color=&#8221;#da6317&#8243;][vc_column_text]<\/p>\n<p style=\"text-align: justify;\">Ezt ki kell \u00e9rdemelni. El\u0151sz\u00f6r bejelentkezik, hogy kooper\u00e1lni akar. Meghat\u00e1roztuk, hogy ennek milyen felt\u00e9telei vannak:<\/p>\n<ol style=\"text-align: justify;\">\n<li>V\u00e1llalja, hogy r\u00e9szt vesz a N\u00e9met B\u0151rgy\u00f3gy\u00e1szati Int\u00e9zet tov\u00e1bbk\u00e9pz\u0151 programj\u00e1ban, azaz szakmailag tov\u00e1bbk\u00e9pzi mag\u00e1t.<\/li>\n<li>V\u00e1llalja, hogy <strong>igyekszik <\/strong>beteget k\u00fcldeni a N\u00e9met B\u0151rgy\u00f3gy\u00e1szati Int\u00e9zetbe k\u00f6r\u00f6mgomba l\u00e9zeres kezel\u00e9s\u00e9re (term\u00e9szetesen betegk\u00fcld\u00e9sre nem k\u00f6telezheti el mag\u00e1t).<\/li>\n<li>Megv\u00e1s\u00e1rol 2 db PODOS &#8211; cip\u0151steriliz\u00e1tort<\/li>\n<li>V\u00e1llalja,hogy munkaeszk\u00f6zeit PODOS- al fert\u0151tlen\u00edti<\/li>\n<li>V\u00e1llalja, hogy vend\u00e9gei cip\u0151it \u00e9s zokniait a kezel\u00e9s alatt fert\u0151tlen\u00edti.<\/li>\n<li>\u00c1rulja a cip\u0151steriliz\u00e1torokat vend\u00e9gei k\u00f6z\u00f6tt<\/li>\n<li>Kezel\u00e9s alatt saj\u00e1t \u00e9s betegei \/vend\u00e9gei \u00e9rdek\u00e9ben MINDIG gumikeszty\u0171ben dolgozik.<\/li>\n<\/ol>\n<p>&nbsp;<\/p>\n<p style=\"text-align: justify;\"><strong>A partners\u00e9ggel egy\u00fctt j\u00e1r <\/strong><\/p>\n<p style=\"text-align: justify;\"><strong>\u00a0<\/strong><\/p>\n<ol style=\"text-align: justify;\">\n<li>Praxis\u00e1nak tekint\u00e9ly\u00e9t \u00e9s stabilit\u00e1s\u00e1t n\u00f6veli, el\u00e9gedettebbek lesznek vend\u00e9gei, <strong>nagyobb bizalommal j\u00f6nnek hozz\u00e1,<\/strong> hiszen l\u00e1tj\u00e1k az ig\u00e9nyes-gondos munk\u00e1t!<\/li>\n<li>L\u00e1tszani fog, de ha ez nem el\u00e9g egy\u00e9rtelm\u0171, akkor annak adjon hangot, hogy vend\u00e9geivel t\u00f6bbet t\u00f6r\u0151dik!<\/li>\n<li>A pedik\u0171r\u00f6s \u00f6nbizalma n\u0151 &#8211;\u00a0 magabiztosabb lesz.<\/li>\n<li>\u00c1lland\u00f3 orvosi t\u00e1mogat\u00e1st tud a h\u00e1ta m\u00f6g\u00f6tt, mindig konzult\u00e1lhat b\u0151rgy\u00f3gy\u00e1sszal.<\/li>\n<\/ol>\n<p style=\"text-align: justify;\">Mindezek alapj\u00e1n \u2013 term\u00e9szetesen saj\u00e1t m\u00e9rlegel\u00e9se alapj\u00e1n \u2013 <strong>\u00e1rait\u00a0 10-20% &#8211; al\u00a0<\/strong><strong>n\u00f6velheti.<\/strong><\/p>\n<ol style=\"text-align: justify;\" start=\"5\">\n<li>J\u00f6vedelm\u00e9nek n\u00f6vel\u00e9se tov\u00e1bbi munka n\u00e9lk\u00fcl \u2013 kb. <strong>havi 50-100.000 Ft<\/strong><\/li>\n<li>A pedik\u0171r\u00f6s sz\u00e1m\u00e1ra vagy egy csal\u00e1dtagj\u00e1nak aj\u00e1nd\u00e9kozunk egy 50 %-os PinPointe + LEDA (duplal\u00e9zer) kezel\u00e9st, valamint egy<\/li>\n<li>ingyenes b\u00f6rr\u00e1ksz\u00fcr\u00e9st.<\/li>\n<\/ol>\n<p style=\"text-align: justify;\">Partnereink minden egyes programon val\u00f3 r\u00e9szv\u00e9tel ut\u00e1n (qu\u00edz, el\u0151ad\u00e1s, l\u00e1togat\u00e1s az N\u00e9met B\u0151rgy\u00f3gy\u00e1szati Int\u00e9zet-praxisban) \u00a0d\u00edszes <strong>OKLEVELET* <\/strong><strong>\u00a0<\/strong>kapnak, melyet kif\u00fcggeszthetnek a praxisuk fal\u00e1ra. Jogosultak magukat a az N\u00e9met B\u0151rgy\u00f3gy\u00e1szati Int\u00e9zet kooper\u00e1ci\u00f3s\u00a0 partnereinek nevezni, etc.<\/p>\n<p style=\"text-align: justify;\">*10\u00a0 db.\u00a0 OKLEV\u00c9L ut\u00e1n mindenki kap egy cip\u0151steriliz\u00e1tort.<\/p>\n<p>[\/vc_column_text][vc_empty_space][vc_custom_heading text=&#8221;Mi\u00e9rt \u00e9rdekes \u00e9s nyeres\u00e9ges a kooper\u00e1ci\u00f3 a pedik\u0171r\u00f6s sz\u00e1m\u00e1ra?&#8221; google_fonts=&#8221;font_family:Open%20Sans%3A300%2C300italic%2Cregular%2Citalic%2C600%2C600italic%2C700%2C700italic%2C800%2C800italic|font_style:400%20regular%3A400%3Anormal&#8221;][vc_separator color=&#8221;custom&#8221; align=&#8221;align_left&#8221; el_width=&#8221;20&#8243; css_animation=&#8221;fadeInLeft&#8221; accent_color=&#8221;#da6317&#8243;][vc_column_text]<\/p>\n<div class=\"wpb_text_column wpb_content_element \">\n<div class=\"wpb_wrapper\">\n<p>El\u00e9g, ha telefonon vagy \u00edr\u00e1sban bejelenti valaki az ig\u00e9ny\u00e9t, hogy k\u00e9r 2 db l\u00e1mp\u00e1t. Mi elk\u00fcldj\u00fck. Adunk nekik 45 nap fizet\u00e9si halad\u00e9kot. Azon bel\u00fcl \u00e1tutalja a 50.000 Ft-ot \u2013 ez 2 l\u00e1mpa \u00e9s 3 zacsk\u00f3 \u00e1ra. Azonnal elkezd vele dolgozni. Ha teh\u00e1t napi 4 beteget egyenk\u00e9nt 500 Ft-\u00e9rt steriliz\u00e1lja a cip\u0151it \u00e9s havi 20 napot dolgozik, azaz \u00e9vi 220 napot akkor egy l\u00e1mp\u00e1val keres \u00e9vi 220 x 500 x 4\u00a0 =\u00a0 440.000 Ft-ot.<\/p>\n<p>Ehhez j\u00f6n a havi kb. 10.000 Ft. amit a fert\u00f6tlen\u00edt\u00f6szerekn\u00e9l megtakar\u00edt\u00a0<strong>= 120.000 Ft.<\/strong><\/p>\n<blockquote><p><em>Laz\u00e1n keres egy\u00a0<strong>f\u00e9lmilli\u00f3t \u00e9vente<\/strong>\u00a0ebben az egy\u00fcttm\u0171k\u00f6d\u00e9sben, ami, ha \u00fcgyes n\u00f6velhet\u0151, an\u00e9lk\u00fcl, hogy ez\u00e9rt dolgoznia kellene \u2013 \u00e9s term\u00e9szetesen a legkisebb kock\u00e1zat n\u00e9lk\u00fcl.<\/em><\/p><\/blockquote>\n<\/div>\n<\/div>\n<p>[\/vc_column_text][vc_empty_space][vc_custom_heading text=&#8221;A pedik\u0171r\u00f6s el\u0151nyei&#8221; google_fonts=&#8221;font_family:Open%20Sans%3A300%2C300italic%2Cregular%2Citalic%2C600%2C600italic%2C700%2C700italic%2C800%2C800italic|font_style:400%20regular%3A400%3Anormal&#8221;][vc_separator color=&#8221;custom&#8221; align=&#8221;align_left&#8221; el_width=&#8221;20&#8243; css_animation=&#8221;fadeInLeft&#8221; accent_color=&#8221;#da6317&#8243;][vc_column_text]<\/p>\n<div class=\"wpb_text_column wpb_content_element \">\n<div class=\"wpb_wrapper\">\n<ol>\n<li>Van a pedik\u0171r\u00f6snek egy\u00a0<strong>b\u0151rgy\u00f3gy\u00e1sz szakmai partnere<\/strong>, egy orvos akihez mindig fordulhat k\u00e9rd\u00e9seivel, ha gondja van egy beteggel,mindig elk\u00fcldheti hozz\u00e1nk mag\u00e1t a beteget, vagy fot\u00f3it, stb. \u2013 ez ad egy biztons\u00e1g\u00e9rzetet a pedik\u0171r\u00f6snek.<\/li>\n<li>Az\u00e1ltal\u00a0<strong>stabiliz\u00e1lja a praxis\u00e1t<\/strong>, hogy elterjed a betegei k\u00f6r\u00e9ben, hogy szorosan egy\u00fcttm\u0171k\u00f6dik Magyarorsz\u00e1g egyik legsz\u00ednvonalasabb b\u0151rgy\u00f3gy\u00e1szat\u00e1val, a N\u00e9met B\u0151rgy\u00f3gy\u00e1szati Int\u00e9zettel. Egy b\u0151rgy\u00f3gy\u00e1sszal val\u00f3 szoros egy\u00fcttm\u0171k\u00f6d\u00e9s ritkas\u00e1g manaps\u00e1g a pedik\u0171r\u00f6s\u00f6k k\u00f6z\u00f6tt.<\/li>\n<li>Nem csak a k\u00f6r\u00f6m- \u00e9s l\u00e1bgomb\u00e1val, k\u00e9zprobl\u00e9m\u00e1val k\u00fcldheti hozz\u00e1nk betegeit, hanem m\u00e1s b\u0151rbetegs\u00e9gekkel is, ami egyfajta\u00a0<strong>bizalom kialakul\u00e1s\u00e1t jelentheti<\/strong>\u00a0a pedik\u0171r\u00f6s \u00e9s a beteg k\u00f6z\u00f6tt.<\/li>\n<li>Eg\u00e9sz\u00e9ben l\u00e1tja a beteg, hogy sokat\u00a0<strong>javult a pedik\u0171r\u00f6se szolg\u00e1ltat\u00e1sa<\/strong>, hogy t\u00f6bbet\u00a0<strong>t\u00f6r\u0151dnek vele<\/strong>.<\/li>\n<\/ol>\n<\/div>\n<\/div>\n<p>[\/vc_column_text][\/vc_column][vc_column width=&#8221;1\/3&#8243;][vc_empty_space][dh_box_feature style=&#8221;5&#8243; link_title=&#8221;REGISZTR\u00c1LOK&#8221; title=&#8221;PARTNER REGISZTR\u00c1CI\u00d3&#8221; href=&#8221;https:\/\/borgyogyaszespedikuros.hu\/index.php\/partner-regisztracio\/&#8221;][vc_empty_space][dh_box_feature style=&#8221;5&#8243; link_title=&#8221;TOV\u00c1BB&#8221; title=&#8221;ID\u0150PONT K\u00c9R\u00c9S&#8221; href=&#8221;https:\/\/borgyogyaszespedikuros.hu\/index.php\/idopont-keres\/&#8221;][vc_empty_space][dh_box_feature style=&#8221;5&#8243; link_title=&#8221;TOV\u00c1BB&#8221; title=&#8221;PODOS RENDEL\u00c9SE&#8221; href=&#8221;https:\/\/borgyogyaszespedikuros.hu\/index.php\/podos-rendeles\/&#8221;][\/vc_column][\/vc_row][vc_row][vc_column][vc_empty_space][\/vc_column][\/vc_row]<\/p>\n<\/div>","protected":false},"excerpt":{"rendered":"<p>[vc_row][vc_column width=&#8221;2\/3&#8243;][vc_empty_space][vc_custom_heading text=&#8221;Hogyan lehet egy pedik\u0171r\u00f6s a N\u00e9met B\u0151rgy\u00f3gy\u00e1szati Int\u00e9zet kooper\u00e1ci\u00f3s partnere?&#8221; google_fonts=&#8221;font_family:Open%20Sans%3A300%2C300italic%2Cregular%2Citalic%2C600%2C600italic%2C700%2C700italic%2C800%2C800italic|font_style:400%20regular%3A400%3Anormal&#8221;][vc_separator color=&#8221;custom&#8221; align=&#8221;align_left&#8221; el_width=&#8221;20&#8243; css_animation=&#8221;fadeInLeft&#8221; accent_color=&#8221;#da6317&#8243;][vc_column_text] Ezt ki kell \u00e9rdemelni. El\u0151sz\u00f6r bejelentkezik, hogy kooper\u00e1lni akar. Meghat\u00e1roztuk, hogy ennek milyen felt\u00e9telei vannak: V\u00e1llalja, hogy r\u00e9szt vesz a N\u00e9met B\u0151rgy\u00f3gy\u00e1szati Int\u00e9zet tov\u00e1bbk\u00e9pz\u0151 programj\u00e1ban, azaz szakmailag tov\u00e1bbk\u00e9pzi mag\u00e1t. V\u00e1llalja, hogy igyekszik beteget k\u00fcldeni a N\u00e9met B\u0151rgy\u00f3gy\u00e1szati Int\u00e9zetbe k\u00f6r\u00f6mgomba l\u00e9zeres kezel\u00e9s\u00e9re (term\u00e9szetesen&#8230;<\/p>\n","protected":false},"author":1,"featured_media":0,"parent":0,"menu_order":0,"comment_status":"closed","ping_status":"closed","template":"page-no-sidebar.php","meta":{"footnotes":""},"class_list":["post-13382","page","type-page","status-publish","hentry"],"_links":{"self":[{"href":"https:\/\/borgyogyaszespedikuros.hu\/index.php\/wp-json\/wp\/v2\/pages\/13382","targetHints":{"allow":["GET"]}}],"collection":[{"href":"https:\/\/borgyogyaszespedikuros.hu\/index.php\/wp-json\/wp\/v2\/pages"}],"about":[{"href":"https:\/\/borgyogyaszespedikuros.hu\/index.php\/wp-json\/wp\/v2\/types\/page"}],"author":[{"embeddable":true,"href":"https:\/\/borgyogyaszespedikuros.hu\/index.php\/wp-json\/wp\/v2\/users\/1"}],"replies":[{"embeddable":true,"href":"https:\/\/borgyogyaszespedikuros.hu\/index.php\/wp-json\/wp\/v2\/comments?post=13382"}],"version-history":[{"count":11,"href":"https:\/\/borgyogyaszespedikuros.hu\/index.php\/wp-json\/wp\/v2\/pages\/13382\/revisions"}],"predecessor-version":[{"id":13496,"href":"https:\/\/borgyogyaszespedikuros.hu\/index.php\/wp-json\/wp\/v2\/pages\/13382\/revisions\/13496"}],"wp:attachment":[{"href":"https:\/\/borgyogyaszespedikuros.hu\/index.php\/wp-json\/wp\/v2\/media?parent=13382"}],"curies":[{"name":"wp","href":"https:\/\/api.w.org\/{rel}","templated":true}]}}