{"id":13350,"date":"2017-11-19T19:46:52","date_gmt":"2017-11-19T19:46:52","guid":{"rendered":"http:\/\/dolphinx.eu\/test\/pedikur\/?page_id=13350"},"modified":"2017-12-14T20:36:01","modified_gmt":"2017-12-14T20:36:01","slug":"rolunk","status":"publish","type":"page","link":"https:\/\/borgyogyaszespedikuros.hu\/index.php\/rolunk\/","title":{"rendered":"R\u00f3lunk"},"content":{"rendered":"<div class=\"wpb-content-wrapper\"><p>[vc_row][vc_column width=&#8221;1\/2&#8243;][vc_empty_space][vc_single_image image=&#8221;13497&#8243; img_size=&#8221;large&#8221;][vc_column_text]<\/p>\n<p style=\"text-align: left;\">Prof. Dr. Antal Istv\u00e1n<\/p>\n<p>[\/vc_column_text][vc_custom_heading text=&#8221;Ki gondoskodik a betegr\u0151l?&#8221; google_fonts=&#8221;font_family:Open%20Sans%3A300%2C300italic%2Cregular%2Citalic%2C600%2C600italic%2C700%2C700italic%2C800%2C800italic|font_style:400%20regular%3A400%3Anormal&#8221;][vc_separator color=&#8221;custom&#8221; align=&#8221;align_left&#8221; el_width=&#8221;20&#8243; css_animation=&#8221;fadeInLeft&#8221; accent_color=&#8221;#da6317&#8243;][vc_column_text]Magasan k\u00e9pzett \u00f6sszeszokott team, intim atmoszf\u00e9ra, diszkr\u00e9ci\u00f3.<\/p>\n<p><strong>Int\u00e9zetvezet\u0151 szakorvosunk:<br \/>\nProf. Dr. Antal Istv\u00e1n,<\/strong><\/p>\n<p>Szakvizsg\u00e1i:<\/p>\n<table cellpadding=\"20\">\n<tbody>\n<tr>\n<td>1987<\/td>\n<td>B\u0151r- \u00e9s nemibetegs\u00e9gek szakorvosa<\/td>\n<\/tr>\n<tr>\n<td>1988<\/td>\n<td>Allergol\u00f3gia<\/td>\n<\/tr>\n<tr>\n<td>1991<\/td>\n<td>Az orvosi balneol\u00f3gia \u00e9s klimatol\u00f3gia szakorvosa.<\/td>\n<\/tr>\n<\/tbody>\n<\/table>\n<p>[\/vc_column_text][vc_empty_space][vc_custom_heading text=&#8221;B\u0151rgy\u00f3gy\u00e1szati szakmai p\u00e1lyafut\u00e1sa&#8221; google_fonts=&#8221;font_family:Open%20Sans%3A300%2C300italic%2Cregular%2Citalic%2C600%2C600italic%2C700%2C700italic%2C800%2C800italic|font_style:400%20regular%3A400%3Anormal&#8221;][vc_separator color=&#8221;custom&#8221; align=&#8221;align_left&#8221; el_width=&#8221;20&#8243; css_animation=&#8221;fadeInLeft&#8221; accent_color=&#8221;#da6317&#8243;][vc_column_text]<\/p>\n<table style=\"height: 900px;\" width=\"865\" cellpadding=\"20\">\n<tbody>\n<tr>\n<td>1979 \u00f3ta<\/td>\n<td>\u00e9l N\u00e9metorsz\u00e1gban<\/td>\n<\/tr>\n<tr>\n<td>1979 \u2013 1983<\/td>\n<td>belgy\u00f3gy\u00e1szati alapk\u00e9pz\u00e9s<\/td>\n<\/tr>\n<tr>\n<td>1983 \u2013 1986<\/td>\n<td>asszisztensorvos a kasseli b\u0151rklinik\u00e1n<\/td>\n<\/tr>\n<tr>\n<td>1987<\/td>\n<td>f\u0151orvosi kinevez\u00e9s a kasseli b\u0151rklinik\u00e1n<\/td>\n<\/tr>\n<tr>\n<td>1987 \u2013 1988<\/td>\n<td>vezet\u0151 f\u0151orvosa a kasseli klinik\u00e1nak<\/td>\n<\/tr>\n<tr>\n<td>1989 \u2013 1991<\/td>\n<td>ambulancia \u00e9s klinikavezet\u0151 igazgat\u00f3 f\u0151orvos a Bad Sooden- Allendorf-i klinik\u00e1n<\/td>\n<\/tr>\n<tr>\n<td>1991 \u2013 1994<\/td>\n<td>b\u0151rgy\u00f3gy\u00e1szati praxis a bajororsz\u00e1gi Bad Reichenhall-ban<\/td>\n<\/tr>\n<tr>\n<td>1995 \u2013 2000<\/td>\n<td>vezet\u0151 f\u0151orvosa \u00e9s igazgat\u00f3 f\u0151orvosa a Salus Klinik\u00e1nak \u00e9s a\u00a0Georg von Liebig k\u00f3rh\u00e1z b\u0151rgy\u00f3gy\u00e1szati\u00a0oszt\u00e1ly\u00e1nak, \u2013 \u00a0a b\u0151rklinika alap\u00edt\u00f3ja<\/td>\n<\/tr>\n<tr>\n<td>2006 \u2013 2010<\/td>\n<td>rendel\u0151int\u00e9zeti igazgat\u00f3 \u00e9s b\u0151rgy\u00f3gy\u00e1szati praxis<\/td>\n<\/tr>\n<tr>\n<td>2001 &#8211; 2015<\/td>\n<td>b\u0151rgy\u00f3gy\u00e1szati praxis M\u00fchldorfban<\/td>\n<\/tr>\n<tr>\n<td>2015<\/td>\n<td>Budapesten N\u00e9met B\u0151rgy\u00f3gy\u00e1szati Int\u00e9zet<\/td>\n<\/tr>\n<\/tbody>\n<\/table>\n<p>[\/vc_column_text][vc_empty_space][vc_custom_heading text=&#8221;Szakmai funkci\u00f3i N\u00e9metorsz\u00e1gban&#8221; google_fonts=&#8221;font_family:Open%20Sans%3A300%2C300italic%2Cregular%2Citalic%2C600%2C600italic%2C700%2C700italic%2C800%2C800italic|font_style:400%20regular%3A400%3Anormal&#8221;][vc_separator color=&#8221;custom&#8221; align=&#8221;align_left&#8221; el_width=&#8221;20&#8243; css_animation=&#8221;fadeInLeft&#8221; accent_color=&#8221;#da6317&#8243;][vc_column_text]<\/p>\n<ul>\n<li>Szakorvos k\u00e9pz\u00e9si jog b\u0151rgy\u00f3gy\u00e1szok \u00e9s allergol\u00f3gusok sz\u00e1m\u00e1ra 1988 \u00f3ta.<\/li>\n<li><strong>Szakvizsg\u00e1ztat\u00f3 bizotts\u00e1g tagja<\/strong>\u00a02008-2013 k\u00f6z\u00f6tti legiszlat\u00far peri\u00f3dusban a Bajor Orvosi Kamara szakvizsg\u00e1ztat\u00f3 bizotts\u00e1g\u00e1ban \u2013 leend\u0151 allergol\u00f3gus \u00e9s b\u0151rgy\u00f3gy\u00e1sz szakorvosok szakvizsg\u00e1ztat\u00e1sa.<\/li>\n<li><strong>1999-ben Prof. c\u00edm adom\u00e1nyoz\u00e1s<\/strong>\u00a0a SOTE \u00e1ltal\u00e1nos orvoskari d\u00e9k\u00e1nja r\u00e9sz\u00e9r\u0151l.<\/li>\n<li>A bajor betegbiztos\u00edt\u00f3 kassz\u00e1k min\u0151s\u00e9gvizsg\u00e1l\u00f3 \u00e9s min\u0151s\u00e9gbiztos\u00edt\u00f3 munkacsoportj\u00e1nak (ARGE) tagja a b\u0151rgy\u00f3gy\u00e1szati \u00e9s allergol\u00f3giai klinik\u00e1k r\u00e9sz\u00e9re.<\/li>\n<li>Az I.S.M.H. eln\u00f6ks\u00e9gi tagja (International Society of Medical Hydrology and Climatology \u2013 Nemzetk\u00f6zi Orvosi Hidrol\u00f3giai \u00e9s Klimatol\u00f3giai T\u00e1rsas\u00e1g).<\/li>\n<li>Az I.S.M.H. b\u0151rgy\u00f3gy\u00e1szati szekci\u00f3j\u00e1nak eln\u00f6ke 1997-2002.<\/li>\n<li><strong>Vend\u00e9gprofesszor<\/strong>\u00a0a SOTE b\u0151rklinik\u00e1j\u00e1n 1999-2000.<\/li>\n<\/ul>\n<p>[\/vc_column_text][vc_empty_space][vc_custom_heading text=&#8221;Prof Dr. Antal a k\u00f6vetkez\u0151 orvosi t\u00e1rsas\u00e1goknak a tagja:&#8221; google_fonts=&#8221;font_family:Open%20Sans%3A300%2C300italic%2Cregular%2Citalic%2C600%2C600italic%2C700%2C700italic%2C800%2C800italic|font_style:400%20regular%3A400%3Anormal&#8221;][vc_separator color=&#8221;custom&#8221; align=&#8221;align_left&#8221; el_width=&#8221;20&#8243; css_animation=&#8221;fadeInLeft&#8221; accent_color=&#8221;#da6317&#8243;][vc_column_text]<strong>Deutsche Dermatogische Gesellschaft (DDG)<\/strong>\u00a0\u2013 N\u00e9met B\u0151rgy\u00f3gy\u00e1szati T\u00e1rsas\u00e1g<\/p>\n<p><strong>Berufsverband der Deutschen Dermatologen (BVDD)<\/strong>\u00a0\u2013 N\u00e9met Praktiz\u00e1l\u00f3 B\u0151rgy\u00f3gy\u00e1szok Sz\u00f6vets\u00e9ge<\/p>\n<p><strong>\u00c4rzteverband der Deutschen Allergologen (\u00c4DA)<\/strong>\u00a0\u2013 N\u00e9met Allergol\u00f3gus T\u00e1rsas\u00e1g<\/p>\n<p><strong>Deutsch-Ungarise Dermatologische Gesellsaft (DUDG)<\/strong>\u00a0\u2013 N\u00e9met \u2013 Magyar B\u0151rgy\u00f3gy\u00e1sz T\u00e1rsas\u00e1g<\/p>\n<p><strong>Deutsche \u00c4rztekammer (L\u00c4K Bayern)<\/strong>\u00a0\u2013 N\u00e9met (Bajor) Orvosi Kamara<\/p>\n<p><strong>International Society of Medical Hydrology and Climatology (I.S.M.H)<\/strong>\u00a0\u2013 Nemzetk\u00f6zi Orvosi Hidrol\u00f3giai \u00e9s Klimatol\u00f3giai T\u00e1rsas\u00e1g<\/p>\n<p><strong>Magyar Dermatol\u00f3giai T\u00e1rsulat (MDT)<\/strong><\/p>\n<p><strong>Magyar Orvosi Kamara (MOK)<\/strong>[\/vc_column_text][vc_empty_space][vc_custom_heading text=&#8221;Tudom\u00e1nyos tev\u00e9kenys\u00e9ge:&#8221; google_fonts=&#8221;font_family:Open%20Sans%3A300%2C300italic%2Cregular%2Citalic%2C600%2C600italic%2C700%2C700italic%2C800%2C800italic|font_style:400%20regular%3A400%3Anormal&#8221;][vc_separator color=&#8221;custom&#8221; align=&#8221;align_left&#8221; el_width=&#8221;20&#8243; css_animation=&#8221;fadeInLeft&#8221; accent_color=&#8221;#da6317&#8243;][vc_column_text]T\u00f6bb mint 50 publik\u00e1ci\u00f3 \u00e9s el\u0151ad\u00e1s.<\/p>\n<p>Az IHKT \u2013 Iterativ \u2013 Hochgebirgs \u2013 Klimatherapie kidolgoz\u00e1sa.[\/vc_column_text][\/vc_column][vc_column width=&#8221;1\/2&#8243;][vc_custom_heading text=&#8221;\u00dcdv\u00f6z\u00f6lj\u00fck&#8221; google_fonts=&#8221;font_family:Open%20Sans%3A300%2C300italic%2Cregular%2Citalic%2C600%2C600italic%2C700%2C700italic%2C800%2C800italic|font_style:400%20regular%3A400%3Anormal&#8221;][vc_separator color=&#8221;custom&#8221; align=&#8221;align_left&#8221; el_width=&#8221;20&#8243; css_animation=&#8221;fadeInLeft&#8221; accent_color=&#8221;#da6317&#8243;][vc_column_text]<\/p>\n<div class=\"wpb_text_column wpb_content_element no_margin\">\n<div class=\"wpb_wrapper\">\n<p style=\"text-align: justify;\">Modern \u00e9s \u00edzl\u00e9ses k\u00f6rnyezetben v\u00e1rjuk \u00f6nt &#8211; vend\u00e9geit \u00e9s betegeit sz\u00e9les diagnosztikai, ter\u00e1pi\u00e1s \u00e9s b\u0151reszt\u00e9tikai spektrummal \u2013 kev\u00e9s helyen l\u00e1that\u00f3 orvosi technik\u00e1val.<br \/>\nHangs\u00falyozzuk: a n\u00e9met standardot hozzuk Magyarorsz\u00e1gra term\u00e9szetesen a magyarorsz\u00e1gi szab\u00e1lyok, t\u00f6rv\u00e9nyek \u00e9s rendelkez\u00e9sek figyelembev\u00e9tel\u00e9vel.<\/p>\n<p style=\"text-align: justify;\">Mag\u00e1norvosi tev\u00e9kenys\u00e9get folytatunk. K\u00f6lts\u00e9geit az OEP nem t\u00e9r\u00edti meg.<br \/>\n\u00dagy a gy\u00f3gy\u00edt\u00f3-megel\u0151z\u0151 diagnosztika \u00e9s ter\u00e1pia, mint az eszt\u00e9tika, tev\u00e9kenys\u00e9g\u00fcnk k\u00f6z\u00e9ppontj\u00e1ban \u00e1ll.<\/p>\n<p style=\"text-align: justify;\">Technikai lehet\u0151s\u00e9geinkkel \u00e9s bizonyos fokig elt\u00e9r\u0151 szeml\u00e9let\u00fcnkkel kieg\u00e9sz\u00edtj\u00fck a magyar b\u0151rgy\u00f3gy\u00e1szati palett\u00e1t.<\/p>\n<p style=\"text-align: justify;\">Int\u00e9zet\u00fcnk mint minden m\u00e1s orvos \u00e9s eg\u00e9szs\u00e9g\u00fcgyi int\u00e9zm\u00e9ny Magyarorsz\u00e1gon az ANTSZ, a Magyar Orvosi Kamara (MOK) \u00e9s a B\u0151rgy\u00f3gy\u00e1szati Szakmai Koll\u00e9gium hig\u00e9ni\u00e1s,\u00a0etikai \u00e9s szakmai ellen\u0151rz\u00e9se alatt \u00e1ll.<\/p>\n<p style=\"text-align: justify;\">A rendk\u00edv\u00fcl eredm\u00e9nyes PinPointe l\u00e9zerter\u00e1pi\u00e1t a k\u00f6r\u00f6mgomb\u00e1kn\u00e1l int\u00e9zet\u00fcnkben 2013. febru\u00e1rj\u00e1ban vezett\u00fck be. Az\u00f3ta h\u00e1rom\u00a0azonos t\u00edpus\u00fa l\u00e9zerg\u00e9ppel dolgozunk. 2017 nyar\u00e1t\u00f3l kett\u0151s l\u00e9zerter\u00e1pi\u00e1t alkalmazunk &#8211; k\u00e9t k\u00fcl\u00f6nb\u00f6z\u0151 l\u00e9zerrel egyszerre kezelj\u00fck a beteget mint egyetlen k\u00f6r\u00f6ml\u00e9zer k\u00f6zpont Magyarorsz\u00e1gon. A r\u00e9szletekr\u0151l az al\u00e1bbi linkre kattintva t\u00e1j\u00e9koz\u00f3dhat:\u00a0<a href=\"http:\/\/koromgomba.com\/\" target=\"_blank\" rel=\"noopener\">www.koromgomba.com<\/a><\/p>\n<p style=\"text-align: justify;\">A k\u00f6r\u00f6mgomb\u00e1k sikertelen kezel\u00e9s\u00e9nek leggyakoribb\u00a0oka a kezel\u00e9si m\u00f3dok k\u00fcl\u00f6nb\u00f6z\u0151s\u00e9ge mellett\u00a0a saj\u00e1t cip\u0151t\u0151l val\u00f3 \u00fajrafert\u0151z\u00e9s. Ha a cip\u0151it nem fert\u0151tlen\u00edti, a leghat\u00e1sosabb\u00a0k\u00f6r\u00f6mgomba kezel\u00e9s is eredm\u00e9nytelen. A r\u00e9szleteket megismerheti az al\u00e1bbi linkre kattintva:\u00a0<a href=\"http:\/\/www.ciposterilizator.hu\/\" target=\"_blank\" rel=\"noopener\">www.ciposterilizator.hu<\/a><\/p>\n<p style=\"text-align: justify;\">Int\u00e9zet\u00fcnk akad\u00e1lymentes\u00edtett.<\/p>\n<p style=\"text-align: justify;\">Internetes \u00e9s vide\u00f3 \u00f6sszek\u00f6ttet\u00e9sben \u00e1llunk n\u00e9metorsz\u00e1gi partnereinkkel, ami azonnali konzult\u00e1ci\u00f3s lehet\u0151s\u00e9get biztos\u00edt sz\u00e1munkra, de betegeink sz\u00e1m\u00e1ra ingyenes.<\/p>\n<\/div>\n<\/div>\n<p>[\/vc_column_text][vc_empty_space][\/vc_column][\/vc_row][vc_row][vc_column][vc_empty_space][\/vc_column][\/vc_row]<\/p>\n<\/div>","protected":false},"excerpt":{"rendered":"<p>[vc_row][vc_column width=&#8221;1\/2&#8243;][vc_empty_space][vc_single_image image=&#8221;13497&#8243; img_size=&#8221;large&#8221;][vc_column_text] Prof. Dr. Antal Istv\u00e1n [\/vc_column_text][vc_custom_heading text=&#8221;Ki gondoskodik a betegr\u0151l?&#8221; google_fonts=&#8221;font_family:Open%20Sans%3A300%2C300italic%2Cregular%2Citalic%2C600%2C600italic%2C700%2C700italic%2C800%2C800italic|font_style:400%20regular%3A400%3Anormal&#8221;][vc_separator color=&#8221;custom&#8221; align=&#8221;align_left&#8221; el_width=&#8221;20&#8243; css_animation=&#8221;fadeInLeft&#8221; accent_color=&#8221;#da6317&#8243;][vc_column_text]Magasan k\u00e9pzett \u00f6sszeszokott team, intim atmoszf\u00e9ra, diszkr\u00e9ci\u00f3. Int\u00e9zetvezet\u0151 szakorvosunk: Prof. Dr. Antal Istv\u00e1n, Szakvizsg\u00e1i: 1987 B\u0151r- \u00e9s nemibetegs\u00e9gek szakorvosa 1988 Allergol\u00f3gia 1991 Az orvosi balneol\u00f3gia \u00e9s klimatol\u00f3gia szakorvosa. [\/vc_column_text][vc_empty_space][vc_custom_heading text=&#8221;B\u0151rgy\u00f3gy\u00e1szati szakmai p\u00e1lyafut\u00e1sa&#8221; google_fonts=&#8221;font_family:Open%20Sans%3A300%2C300italic%2Cregular%2Citalic%2C600%2C600italic%2C700%2C700italic%2C800%2C800italic|font_style:400%20regular%3A400%3Anormal&#8221;][vc_separator color=&#8221;custom&#8221; align=&#8221;align_left&#8221; el_width=&#8221;20&#8243; css_animation=&#8221;fadeInLeft&#8221; accent_color=&#8221;#da6317&#8243;][vc_column_text] 1979 \u00f3ta \u00e9l N\u00e9metorsz\u00e1gban&#8230;<\/p>\n","protected":false},"author":1,"featured_media":0,"parent":0,"menu_order":0,"comment_status":"closed","ping_status":"closed","template":"page-no-sidebar.php","meta":{"footnotes":""},"class_list":["post-13350","page","type-page","status-publish","hentry"],"_links":{"self":[{"href":"https:\/\/borgyogyaszespedikuros.hu\/index.php\/wp-json\/wp\/v2\/pages\/13350","targetHints":{"allow":["GET"]}}],"collection":[{"href":"https:\/\/borgyogyaszespedikuros.hu\/index.php\/wp-json\/wp\/v2\/pages"}],"about":[{"href":"https:\/\/borgyogyaszespedikuros.hu\/index.php\/wp-json\/wp\/v2\/types\/page"}],"author":[{"embeddable":true,"href":"https:\/\/borgyogyaszespedikuros.hu\/index.php\/wp-json\/wp\/v2\/users\/1"}],"replies":[{"embeddable":true,"href":"https:\/\/borgyogyaszespedikuros.hu\/index.php\/wp-json\/wp\/v2\/comments?post=13350"}],"version-history":[{"count":22,"href":"https:\/\/borgyogyaszespedikuros.hu\/index.php\/wp-json\/wp\/v2\/pages\/13350\/revisions"}],"predecessor-version":[{"id":13502,"href":"https:\/\/borgyogyaszespedikuros.hu\/index.php\/wp-json\/wp\/v2\/pages\/13350\/revisions\/13502"}],"wp:attachment":[{"href":"https:\/\/borgyogyaszespedikuros.hu\/index.php\/wp-json\/wp\/v2\/media?parent=13350"}],"curies":[{"name":"wp","href":"https:\/\/api.w.org\/{rel}","templated":true}]}}