{"id":13258,"date":"2017-11-15T07:24:39","date_gmt":"2017-11-15T07:24:39","guid":{"rendered":"http:\/\/dolphinx.eu\/test\/szeleczkymotor\/?page_id=13258"},"modified":"2017-11-20T12:21:47","modified_gmt":"2017-11-20T12:21:47","slug":"impresszum","status":"publish","type":"page","link":"https:\/\/borgyogyaszespedikuros.hu\/index.php\/impresszum\/","title":{"rendered":"Impresszum"},"content":{"rendered":"<div class=\"wpb-content-wrapper\"><p>[vc_row][vc_column][vc_custom_heading text=&#8221;Impresszum&#8221; google_fonts=&#8221;font_family:Open%20Sans%3A300%2C300italic%2Cregular%2Citalic%2C600%2C600italic%2C700%2C700italic%2C800%2C800italic|font_style:400%20regular%3A400%3Anormal&#8221;][vc_empty_space][vc_row_inner][vc_column_inner width=&#8221;2\/3&#8243; css=&#8221;.vc_custom_1510222794550{border-top-width: 1px !important;border-left-width: 1px !important;border-left-color: #bfbfbf !important;border-left-style: solid !important;border-top-color: #bfbfbf !important;border-top-style: solid !important;}&#8221;][vc_column_text]<\/p>\n<p style=\"text-align: justify;\">Felel\u0151s kiad\u00f3:<\/p>\n<p style=\"text-align: justify;\">N\u00e9met B\u0151rgy\u00f3gy\u00e1szati Int\u00e9zet\u00a0Korl\u00e1tolt Felel\u0151ss\u00e9g\u0171 T\u00e1rsas\u00e1g<br \/>\nC\u00e9gjegyz\u00e9ksz\u00e1m: 01-09-994893\u00a0F\u0151v\u00e1rosi T\u00f6rv\u00e9nysz\u00e9k C\u00e9gb\u00edr\u00f3s\u00e1ga<\/p>\n<p style=\"text-align: justify;\">\u00dcgyvezet\u0151: Antal Susanna<\/p>\n<p style=\"text-align: justify;\">C\u00edm: 1016 Budapest. Alad\u00e1r utca 15.<\/p>\n<p style=\"text-align: justify;\">Orvosigazgat\u00f3: Dr. Antal Istv\u00e1n<\/p>\n<p style=\"text-align: justify;\"><span class=\"s3\">Felel\u0151ss\u00e9g kiz\u00e1r\u00e1sa: A honlapunkon olvashat\u00f3\u00a0inform\u00e1ci\u00f3<\/span><span class=\"s3\">k gondos vizsg\u00e1latot k\u00f6vet\u0151en ker\u00fcltek k\u00f6zl\u00e9sre. Ennek ellen\u00e9re nem v\u00e1llaljuk a\u00a0felel\u0151ss\u00e9get, hogy valamennyi adat mindig id\u0151szer\u0171 illetve a honlap tartalma teljes k\u00f6r\u0171en t\u00fckr\u00f6zze tev\u00e9kenys\u00e9g\u00fcnket, hogy\u00a0az inform\u00e1ci\u00f3k a val\u00f3s\u00e1gnak t\u00e9nylegesen megfelelnek-e. Jogunkban \u00e1ll valamennyi adatot el\u0151zetes bejelent\u00e9s n\u00e9lk\u00fcl megv\u00e1ltoztatni, t\u00f6r\u00f6lni vagy kieg\u00e9sz\u00edteni. Az esetl<\/span><span class=\"s3\">egesen kiv\u00e1lasztott linkek tartalm\u00e1\u00e9rt ezen honlap szerkeszt\u0151je felel\u0151ss\u00e9get nem v\u00e1llal. \u00a0<\/span><\/p>\n<p>[\/vc_column_text][\/vc_column_inner][vc_column_inner width=&#8221;1\/3&#8243;][\/vc_column_inner][\/vc_row_inner][\/vc_column][\/vc_row][vc_row][vc_column][vc_empty_space][\/vc_column][\/vc_row]<\/p>\n<\/div>","protected":false},"excerpt":{"rendered":"<p>[vc_row][vc_column][vc_custom_heading text=&#8221;Impresszum&#8221; google_fonts=&#8221;font_family:Open%20Sans%3A300%2C300italic%2Cregular%2Citalic%2C600%2C600italic%2C700%2C700italic%2C800%2C800italic|font_style:400%20regular%3A400%3Anormal&#8221;][vc_empty_space][vc_row_inner][vc_column_inner width=&#8221;2\/3&#8243; css=&#8221;.vc_custom_1510222794550{border-top-width: 1px !important;border-left-width: 1px !important;border-left-color: #bfbfbf !important;border-left-style: solid !important;border-top-color: #bfbfbf !important;border-top-style: solid !important;}&#8221;][vc_column_text] Felel\u0151s kiad\u00f3: N\u00e9met B\u0151rgy\u00f3gy\u00e1szati Int\u00e9zet\u00a0Korl\u00e1tolt Felel\u0151ss\u00e9g\u0171 T\u00e1rsas\u00e1g C\u00e9gjegyz\u00e9ksz\u00e1m: 01-09-994893\u00a0F\u0151v\u00e1rosi T\u00f6rv\u00e9nysz\u00e9k C\u00e9gb\u00edr\u00f3s\u00e1ga \u00dcgyvezet\u0151: Antal Susanna C\u00edm: 1016 Budapest. Alad\u00e1r utca 15. Orvosigazgat\u00f3: Dr. Antal Istv\u00e1n Felel\u0151ss\u00e9g kiz\u00e1r\u00e1sa: A honlapunkon olvashat\u00f3\u00a0inform\u00e1ci\u00f3k gondos vizsg\u00e1latot k\u00f6vet\u0151en ker\u00fcltek k\u00f6zl\u00e9sre. Ennek ellen\u00e9re nem v\u00e1llaljuk a\u00a0felel\u0151ss\u00e9get, hogy valamennyi adat mindig&#8230;<\/p>\n","protected":false},"author":1,"featured_media":0,"parent":0,"menu_order":0,"comment_status":"closed","ping_status":"closed","template":"page-no-sidebar.php","meta":{"footnotes":""},"class_list":["post-13258","page","type-page","status-publish","hentry"],"_links":{"self":[{"href":"https:\/\/borgyogyaszespedikuros.hu\/index.php\/wp-json\/wp\/v2\/pages\/13258","targetHints":{"allow":["GET"]}}],"collection":[{"href":"https:\/\/borgyogyaszespedikuros.hu\/index.php\/wp-json\/wp\/v2\/pages"}],"about":[{"href":"https:\/\/borgyogyaszespedikuros.hu\/index.php\/wp-json\/wp\/v2\/types\/page"}],"author":[{"embeddable":true,"href":"https:\/\/borgyogyaszespedikuros.hu\/index.php\/wp-json\/wp\/v2\/users\/1"}],"replies":[{"embeddable":true,"href":"https:\/\/borgyogyaszespedikuros.hu\/index.php\/wp-json\/wp\/v2\/comments?post=13258"}],"version-history":[{"count":6,"href":"https:\/\/borgyogyaszespedikuros.hu\/index.php\/wp-json\/wp\/v2\/pages\/13258\/revisions"}],"predecessor-version":[{"id":13414,"href":"https:\/\/borgyogyaszespedikuros.hu\/index.php\/wp-json\/wp\/v2\/pages\/13258\/revisions\/13414"}],"wp:attachment":[{"href":"https:\/\/borgyogyaszespedikuros.hu\/index.php\/wp-json\/wp\/v2\/media?parent=13258"}],"curies":[{"name":"wp","href":"https:\/\/api.w.org\/{rel}","templated":true}]}}