{"id":12469,"date":"2016-01-23T13:42:01","date_gmt":"2016-01-23T13:42:01","guid":{"rendered":"http:\/\/sitesao.com\/luxury\/main\/?page_id=12469"},"modified":"2017-12-14T17:26:25","modified_gmt":"2017-12-14T17:26:25","slug":"home-creative-2","status":"publish","type":"page","link":"https:\/\/borgyogyaszespedikuros.hu\/","title":{"rendered":"Home Creative 2"},"content":{"rendered":"<div class=\"wpb-content-wrapper\"><p>[vc_row][vc_column][rev_slider_vc alias=&#8221;pedi&#8221;][vc_row_inner][vc_column_inner][vc_empty_space][vc_custom_heading text=&#8221;EZ A HONLAP KIZ\u00c1R\u00d3LAG A VEL\u00dcNK EGY\u00dcTTM\u0170K\u00d6DNI K\u00cdV\u00c1N\u00d3<\/p>\n<p>&#8221; font_container=&#8221;tag:h2|text_align:center&#8221; google_fonts=&#8221;font_family:Open%20Sans%3A300%2C300italic%2Cregular%2Citalic%2C600%2C600italic%2C700%2C700italic%2C800%2C800italic|font_style:400%20regular%3A400%3Anormal&#8221;][vc_custom_heading text=&#8221;PEDIK\u0170R\u00d6S\u00d6KNEK K\u00c9SZ\u00dcLT<br \/>\n&#8221; font_container=&#8221;tag:h2|text_align:center&#8221; google_fonts=&#8221;font_family:Open%20Sans%3A300%2C300italic%2Cregular%2Citalic%2C600%2C600italic%2C700%2C700italic%2C800%2C800italic|font_style:400%20regular%3A400%3Anormal&#8221;][vc_separator color=&#8221;custom&#8221; style=&#8221;shadow&#8221; accent_color=&#8221;#0d0d9e&#8221;][\/vc_column_inner][\/vc_row_inner][\/vc_column][\/vc_row][vc_row wrap_type=&#8221;in_container&#8221; css=&#8221;.vc_custom_1510159962133{padding-top: 50px !important;padding-bottom: 35px !important;}&#8221;][vc_column width=&#8221;2\/3&#8243;][vc_custom_heading text=&#8221;Kedves pedik\u0171r\u00f6s\/manik\u0171r\u00f6s koll\u00e9gan\u0151k \u00e9s koll\u00e9g\u00e1k!&#8221; google_fonts=&#8221;font_family:Open%20Sans%3A300%2C300italic%2Cregular%2Citalic%2C600%2C600italic%2C700%2C700italic%2C800%2C800italic|font_style:400%20regular%3A400%3Anormal&#8221;][vc_empty_space][vc_column_text]<\/p>\n<p style=\"text-align: justify;\">(A tov\u00e1bbiakban, amikor a pedik\u0171r\u00f6s sz\u00f3t haszn\u00e1ljuk, term\u00e9szetesen a manik\u0171r\u00f6s\u00f6ket\u00a0 is \u00e9rtj\u00fck alatta)<\/p>\n<div id=\"attachment_13434\" style=\"width: 169px\" class=\"wp-caption alignleft\"><img loading=\"lazy\" decoding=\"async\" aria-describedby=\"caption-attachment-13434\" class=\"wp-image-13434\" src=\"https:\/\/borgyogyaszespedikuros.hu\/wp-content\/uploads\/2016\/01\/Foto-fb-ra-e1511342362152-225x300.jpg\" alt=\"\" width=\"159\" height=\"212\" srcset=\"https:\/\/borgyogyaszespedikuros.hu\/wp-content\/uploads\/2016\/01\/Foto-fb-ra-e1511342362152-225x300.jpg 225w, https:\/\/borgyogyaszespedikuros.hu\/wp-content\/uploads\/2016\/01\/Foto-fb-ra-e1511342362152.jpg 480w\" sizes=\"auto, (max-width: 159px) 100vw, 159px\" \/><p id=\"caption-attachment-13434\" class=\"wp-caption-text\">Prof. Dr. Antal b\u0151rgy\u00f3gy\u00e1sz<\/p><\/div>\n<p style=\"text-align: justify;\">A N\u00e9met B\u0151rgy\u00f3gy\u00e1szati \u00a0Int\u00e9zet\u00a0 (<a href=\"http:\/\/www.nemetborgyogyaszat.hu\">www.nemetborgyogyaszat.hu<\/a>)\u00a0 illetve annak K\u00f6r\u00f6ml\u00e9zer Ambulanci\u00e1ja a pedik\u0171r\u00f6s szolg\u00e1ltat\u00e1sok, \u00e9s \u00e1ltal\u00e1ban a szakma sz\u00ednvonal\u00e1nak \u00e9s tekint\u00e9ly\u00e9nek emel\u00e9se\u00a0 \u00e9rdek\u00e9ben egy t\u00e9r\u00edt\u00e9smente, ingyenes\u00a0 &#8211;\u00a0 komplex \u00e9s folyamatos\u00a0 &#8211; <strong>b\u0151rgy\u00f3gy\u00e1szati egy\u00fcttm\u0171k\u00f6d\u00e9si \u00e9s\u00a0 tov\u00e1bbk\u00e9pz\u00e9si\u00a0 programot<\/strong> \u00a0\u00e9p\u00edtett fel.<\/p>\n<p style=\"text-align: justify;\">Term\u00e9szetesen a sz\u00ednvonalas pedik\u0171r\u00f6s \u00a0munka alapjai, a szakma\u00a0 alapos ismerete, majd a magas szint\u0171\u00a0 \u00e9s folyamatos tov\u00e1bbk\u00e9pz\u00e9s &#8211; amit csak a speci\u00e1lis iskol\u00e1kban \u00e9s tov\u00e1bbk\u00e9pz\u0151 k\u00f6zpontokban lehet elsaj\u00e1t\u00edtani. \u00a0J\u00e1rjanak szorgalmasan a rendezv\u00e9nyekre &#8211; ki\u00e1ll\u00edt\u00e1sokra, el\u0151ad\u00e1sokra, tanfolyamokra. Mi az ilyen jelleg\u0171 kik\u00e9pz\u00e9st \u00e9s tov\u00e1bbk\u00e9pz\u00e9st nem tudjuk biztos\u00edtani.<\/p>\n<p style=\"text-align: justify;\">M\u00e9gis miben \u00e9s hogyan tudunk egym\u00e1snak seg\u00edteni?\u00a0 Programunk a k\u00f6lcs\u00f6n\u00f6ss\u00e9gen alapul.<\/p>\n<p style=\"text-align: justify;\">A l\u00e1bgy\u00f3gy\u00e1szat fontos szerepl\u0151i a pedik\u0171r\u00f6s\u00f6k \u2013 az orvosok mellett, s\u0151t gyakran el\u0151tt! \u0150k a<strong> \u201cfrontharcosok\u201d.<\/strong> Leggyakrabban\u00a0 \u0151k tal\u00e1lkoznak el\u0151sz\u00f6r a probl\u00e9m\u00e1s vagy beteg l\u00e1bbal. Sokszor annyi l\u00e1bat l\u00e1tnak naponta orsz\u00e1gszerte, mint\u00a0 a b\u0151rgy\u00f3gy\u00e1szok! Nagyon nem mindegy, hogy milyen sz\u00ednvonalon dolgoznak, milyen tan\u00e1csokkal \u00a0l\u00e1tj\u00e1k el a betegeket. Nem mindegy, hogy tudj\u00e1k-e, hogy meddig kezelhetik\u00a0 a l\u00e1bat \u00e9s mikor kell b\u0151rgy\u00f3gy\u00e1szhoz k\u00fcldeni a beteget, hol vannak a szakmai, etikai \u00e9s jogi hat\u00e1raik? Ezekre nagyon oda kell figyelni.<\/p>\n<p style=\"text-align: justify;\">Sz\u00e1nd\u00e9kosan haszn\u00e1lom hol a \u201cbeteg\u201d hol a &#8222;vend\u00e9g&#8221; kifejez\u00e9st \u00e9s nem \u00a0a\u00a0\u00a0 \u201c vend\u00e9get \u201c, \u00a0hiszen \u00a0a pedik\u0171r\u00f6s gyakran a betegell\u00e1t\u00e1s r\u00e9sztvev\u0151je \u00a0&#8211; pl. a b\u0151rgomba\u00a0 betegs\u00e9g, a ben\u0151tt\u00a0 \u00a0k\u00f6r\u00f6m ugyancsak.<\/p>\n<p>[\/vc_column_text][\/vc_column][vc_column width=&#8221;1\/3&#8243;][dh_box_feature style=&#8221;5&#8243; link_title=&#8221;Regisztr\u00e1lok&#8221; title=&#8221;Partner regisztr\u00e1ci\u00f3&#8221; href=&#8221;https:\/\/borgyogyaszespedikuros.hu\/index.php\/partner-regisztracio\/&#8221;][vc_empty_space][dh_box_feature style=&#8221;5&#8243; link_title=&#8221;Tov\u00e1bb&#8221; title=&#8221;Id\u0151pont k\u00e9r\u00e9s&#8221; href=&#8221;https:\/\/borgyogyaszespedikuros.hu\/index.php\/idopont-keres\/&#8221;][vc_empty_space][dh_box_feature style=&#8221;5&#8243; link_title=&#8221;Tov\u00e1bb&#8221; title=&#8221;PODOS rendel\u00e9se&#8221; href=&#8221;https:\/\/borgyogyaszespedikuros.hu\/index.php\/podos-rendeles\/&#8221;][\/vc_column][\/vc_row][vc_row wrap_type=&#8221;in_container&#8221; css=&#8221;.vc_custom_1511035005782{background-color: #f2f2f2 !important;}&#8221;][vc_column][vc_custom_heading text=&#8221;Mi az egy\u00fcttm\u0171k\u00f6d\u00e9si programunk c\u00e9lja ?&#8221; font_container=&#8221;tag:h2|text_align:center&#8221; google_fonts=&#8221;font_family:Open%20Sans%3A300%2C300italic%2Cregular%2Citalic%2C600%2C600italic%2C700%2C700italic%2C800%2C800italic|font_style:400%20regular%3A400%3Anormal&#8221;][vc_separator color=&#8221;custom&#8221; style=&#8221;inherit_theme&#8221; el_width=&#8221;20&#8243; accent_color=&#8221;#da6317&#8243;][vc_empty_space][vc_column_text]<\/p>\n<h3 style=\"text-align: center;\">A pedik\u0171r\u00f6s\/manik\u0171r\u00f6s szakma megbecs\u00fcl\u00e9s\u00e9nek emel\u00e9se.<\/h3>\n<h3 style=\"text-align: center;\">Az egyes pedik\u0171r\u00f6s\u00f6k j\u00f6vedelm\u00e9nek n\u00f6vel\u00e9se &#8211; konkr\u00e9t javaslatokkal.<\/h3>\n<p>[\/vc_column_text][vc_empty_space][\/vc_column][\/vc_row][vc_row][vc_column][vc_empty_space][\/vc_column][\/vc_row][vc_row css=&#8221;.vc_custom_1511119623090{padding-top: 15px !important;padding-bottom: 15px !important;background-color: #da6317 !important;}&#8221;][vc_column css=&#8221;.vc_custom_1453536356925{padding-top: 0px !important;}&#8221;][vc_row_inner wrap_type=&#8221;in_container&#8221;][vc_column_inner width=&#8221;2\/3&#8243;][vc_column_text css=&#8221;.vc_custom_1511034498282{margin-top: 0px !important;margin-bottom: 0px !important;}&#8221;]<\/p>\n<h3 style=\"text-align: center;\"><span style=\"color: #ffffff;\"><em><strong>Ezek megval\u00f3s\u00edt\u00e1sa \u00e9rdek\u00e9ben\u00a0 legyen a<\/strong><strong>\u00a0N\u00e9met B\u0151rgy\u00f3gy\u00e1szati Int\u00e9zet <\/strong><\/em><em><strong>k<\/strong><strong>ooper\u00e1ci\u00f3s partnere !<\/strong><\/em><\/span><\/h3>\n<p style=\"color: #fff; font-size: 22px; margin: 0 0 5px;\"><span style=\"color: #000000;\">\u00a0<\/span><\/p>\n<p>[\/vc_column_text][vc_empty_space height=&#8221;30px&#8221;][\/vc_column_inner][vc_column_inner width=&#8221;1\/3&#8243;][vc_empty_space][dh_button title=&#8221;JELENTKEZEM&#8221; btn_icon_type=&#8221;fontawesome&#8221; btn_icon_align=&#8221;right&#8221; btn_icon_slide_in=&#8221;yes&#8221; icon_fontawesome=&#8221;fa fa-long-arrow-right&#8221; style=&#8221;outline&#8221; color=&#8221;custom&#8221; alignment=&#8221;right&#8221; href=&#8221;https:\/\/borgyogyaszespedikuros.hu\/index.php\/partner-regisztracio\/&#8221; border_color=&#8221;#ffffff&#8221; text_color=&#8221;#ffffff&#8221;][\/vc_column_inner][\/vc_row_inner][\/vc_column][\/vc_row]<\/p>\n<\/div>","protected":false},"excerpt":{"rendered":"<p>[vc_row][vc_column][rev_slider_vc alias=&#8221;pedi&#8221;][vc_row_inner][vc_column_inner][vc_empty_space][vc_custom_heading text=&#8221;EZ A HONLAP KIZ\u00c1R\u00d3LAG A VEL\u00dcNK EGY\u00dcTTM\u0170K\u00d6DNI K\u00cdV\u00c1N\u00d3 &#8221; font_container=&#8221;tag:h2|text_align:center&#8221; google_fonts=&#8221;font_family:Open%20Sans%3A300%2C300italic%2Cregular%2Citalic%2C600%2C600italic%2C700%2C700italic%2C800%2C800italic|font_style:400%20regular%3A400%3Anormal&#8221;][vc_custom_heading text=&#8221;PEDIK\u0170R\u00d6S\u00d6KNEK K\u00c9SZ\u00dcLT &#8221; font_container=&#8221;tag:h2|text_align:center&#8221; google_fonts=&#8221;font_family:Open%20Sans%3A300%2C300italic%2Cregular%2Citalic%2C600%2C600italic%2C700%2C700italic%2C800%2C800italic|font_style:400%20regular%3A400%3Anormal&#8221;][vc_separator color=&#8221;custom&#8221; style=&#8221;shadow&#8221; accent_color=&#8221;#0d0d9e&#8221;][\/vc_column_inner][\/vc_row_inner][\/vc_column][\/vc_row][vc_row wrap_type=&#8221;in_container&#8221; css=&#8221;.vc_custom_1510159962133{padding-top: 50px !important;padding-bottom: 35px !important;}&#8221;][vc_column width=&#8221;2\/3&#8243;][vc_custom_heading text=&#8221;Kedves pedik\u0171r\u00f6s\/manik\u0171r\u00f6s koll\u00e9gan\u0151k \u00e9s koll\u00e9g\u00e1k!&#8221; google_fonts=&#8221;font_family:Open%20Sans%3A300%2C300italic%2Cregular%2Citalic%2C600%2C600italic%2C700%2C700italic%2C800%2C800italic|font_style:400%20regular%3A400%3Anormal&#8221;][vc_empty_space][vc_column_text] (A tov\u00e1bbiakban, amikor a pedik\u0171r\u00f6s sz\u00f3t haszn\u00e1ljuk, term\u00e9szetesen a manik\u0171r\u00f6s\u00f6ket\u00a0 is \u00e9rtj\u00fck alatta) A N\u00e9met B\u0151rgy\u00f3gy\u00e1szati \u00a0Int\u00e9zet\u00a0 (www.nemetborgyogyaszat.hu)\u00a0 illetve annak K\u00f6r\u00f6ml\u00e9zer Ambulanci\u00e1ja a pedik\u0171r\u00f6s szolg\u00e1ltat\u00e1sok, \u00e9s&#8230;<\/p>\n","protected":false},"author":1,"featured_media":0,"parent":0,"menu_order":0,"comment_status":"closed","ping_status":"closed","template":"page-full-width.php","meta":{"footnotes":""},"class_list":["post-12469","page","type-page","status-publish","hentry"],"_links":{"self":[{"href":"https:\/\/borgyogyaszespedikuros.hu\/index.php\/wp-json\/wp\/v2\/pages\/12469","targetHints":{"allow":["GET"]}}],"collection":[{"href":"https:\/\/borgyogyaszespedikuros.hu\/index.php\/wp-json\/wp\/v2\/pages"}],"about":[{"href":"https:\/\/borgyogyaszespedikuros.hu\/index.php\/wp-json\/wp\/v2\/types\/page"}],"author":[{"embeddable":true,"href":"https:\/\/borgyogyaszespedikuros.hu\/index.php\/wp-json\/wp\/v2\/users\/1"}],"replies":[{"embeddable":true,"href":"https:\/\/borgyogyaszespedikuros.hu\/index.php\/wp-json\/wp\/v2\/comments?post=12469"}],"version-history":[{"count":43,"href":"https:\/\/borgyogyaszespedikuros.hu\/index.php\/wp-json\/wp\/v2\/pages\/12469\/revisions"}],"predecessor-version":[{"id":13484,"href":"https:\/\/borgyogyaszespedikuros.hu\/index.php\/wp-json\/wp\/v2\/pages\/12469\/revisions\/13484"}],"wp:attachment":[{"href":"https:\/\/borgyogyaszespedikuros.hu\/index.php\/wp-json\/wp\/v2\/media?parent=12469"}],"curies":[{"name":"wp","href":"https:\/\/api.w.org\/{rel}","templated":true}]}}