{"id":102,"date":"2015-04-29T03:26:31","date_gmt":"2015-04-29T03:26:31","guid":{"rendered":"http:\/\/localhost\/wordpress\/wp_vicky\/?page_id=102"},"modified":"2017-11-20T12:10:24","modified_gmt":"2017-11-20T12:10:24","slug":"contact-us","status":"publish","type":"page","link":"https:\/\/borgyogyaszespedikuros.hu\/index.php\/contact-us\/","title":{"rendered":"Kapcsolat"},"content":{"rendered":"<div class=\"wpb-content-wrapper\"><p>[vc_row css=&#8221;.vc_custom_1510231021729{margin-top: -30px !important;}&#8221;][vc_column width=&#8221;1\/2&#8243; css=&#8221;.vc_custom_1510231856196{margin-right: -3px !important;margin-left: -3px !important;}&#8221;][vc_custom_heading text=&#8221;PODOS Magyarorsz\u00e1gi forgalmaz\u00f3&#8221; font_container=&#8221;tag:h3|text_align:center&#8221; google_fonts=&#8221;font_family:Open%20Sans%3A300%2C300italic%2Cregular%2Citalic%2C600%2C600italic%2C700%2C700italic%2C800%2C800italic|font_style:400%20regular%3A400%3Anormal&#8221;][vc_separator color=&#8221;custom&#8221; el_width=&#8221;20&#8243; css_animation=&#8221;fadeInLeft&#8221; accent_color=&#8221;#da6317&#8243;][vc_column_text]<\/p>\n<p style=\"text-align: center;\"><strong>PODOSAN<\/strong><strong>\u00a0L\u00e1beg\u00e9szs\u00e9g\u00fcgyi \u00e9s Kereskedelmi Kft.<\/strong><\/p>\n<p style=\"text-align: center;\">c\u00edm:\u00a01016\u00a0 Budapest\u00a0 Zsolt utca 4.<\/p>\n<p style=\"text-align: center;\">telefon:\u00a0+36 30 219 0100<\/p>\n<p style=\"text-align: center;\">email:\u00a0<a href=\"mailto:info@cipofertotlenito.hu\">info@ciposterilizator.hu<\/a><\/p>\n<p>[\/vc_column_text][\/vc_column][vc_column width=&#8221;1\/2&#8243;][vc_custom_heading text=&#8221;Szakmai fel\u00fcgyelet \u00e9s tan\u00e1csad\u00f3&#8221; font_container=&#8221;tag:h3|text_align:center&#8221; google_fonts=&#8221;font_family:Open%20Sans%3A300%2C300italic%2Cregular%2Citalic%2C600%2C600italic%2C700%2C700italic%2C800%2C800italic|font_style:400%20regular%3A400%3Anormal&#8221;][vc_separator color=&#8221;custom&#8221; el_width=&#8221;20&#8243; css_animation=&#8221;fadeInLeft&#8221; accent_color=&#8221;#da6317&#8243;][vc_column_text]<\/p>\n<p style=\"text-align: center;\"><strong>N\u00e9met B\u0151rgy\u00f3gy\u00e1szati Int\u00e9zet\u00a0<\/strong><\/p>\n<p style=\"text-align: center;\">c\u00edm: 1016 Budapest\u00a0Zsolt utca 4.<\/p>\n<p style=\"text-align: center;\">telefon: +36 30 219 0100<\/p>\n<p style=\"text-align: center;\"><a href=\"http:\/\/www.koromgomba.eu\/\">www.koromgomba.eu<\/a><\/p>\n<p>[\/vc_column_text][\/vc_column][\/vc_row][vc_row][vc_column][vc_empty_space][\/vc_column][\/vc_row][vc_row wrap_type=&#8221;in_container&#8221;][vc_column width=&#8221;1\/2&#8243;][vc_gmaps link=&#8221;#E-8_JTNDaWZyYW1lJTIwc3JjJTNEJTIyaHR0cHMlM0ElMkYlMkZ3d3cuZ29vZ2xlLmNvbSUyRm1hcHMlMkZlbWJlZCUzRnBiJTNEJTIxMW0xOCUyMTFtMTIlMjExbTMlMjExZDI2OTUuOTk2NTI3OTUzMDk5MyUyMTJkMTkuMDI5ODc1ODE1NDc3ODQ4JTIxM2Q0Ny40ODk5ODEwMDQwMjAxMyUyMTJtMyUyMTFmMCUyMTJmMCUyMTNmMCUyMTNtMiUyMTFpMTAyNCUyMTJpNzY4JTIxNGYxMy4xJTIxM20zJTIxMW0yJTIxMXMweDQ3NDFkYzMwMzVmYTVmNDMlMjUzQTB4NzczNzQ2MjQ5MmMwMTgyYSUyMTJzQnVkYXBlc3QlMjUyQyUyQlpzb2x0JTJCdS4lMkI0JTI1MkMlMkIxMDE2JTIxNWUwJTIxM20yJTIxMXNodSUyMTJzaHUlMjE0djE1MTAyMzIxMTUzOTUlMjIlMjB3aWR0aCUzRCUyMjYwMCUyMiUyMGhlaWdodCUzRCUyMjQ1MCUyMiUyMGZyYW1lYm9yZGVyJTNEJTIyMCUyMiUyMHN0eWxlJTNEJTIyYm9yZGVyJTNBMCUyMiUyMGFsbG93ZnVsbHNjcmVlbiUzRSUzQyUyRmlmcmFtZSUzRQ==&#8221; size=&#8221;520px&#8221;][\/vc_column][vc_column width=&#8221;1\/2&#8243;][vc_custom_heading text=&#8221;K\u00e9rd\u00e9se van? \u00cdrjon nek\u00fcnk&#8221; font_container=&#8221;tag:h3|text_align:center&#8221; google_fonts=&#8221;font_family:Open%20Sans%3A300%2C300italic%2Cregular%2Citalic%2C600%2C600italic%2C700%2C700italic%2C800%2C800italic|font_style:400%20regular%3A400%3Anormal&#8221; css=&#8221;.vc_custom_1510231939591{margin-top: 0px !important;}&#8221;][vc_row_inner css=&#8221;.vc_custom_1439278659837{padding-right: 30px !important;}&#8221;][vc_column_inner]<p class=\"wpcf7-contact-form-not-found\"><strong>Hiba:<\/strong> Kapcsolatfelv\u00e9teli \u0171rlap nem tal\u00e1lhat\u00f3.<\/p>[\/vc_column_inner][\/vc_row_inner][\/vc_column][\/vc_row]<\/p>\n<\/div>","protected":false},"excerpt":{"rendered":"<p>[vc_row css=&#8221;.vc_custom_1510231021729{margin-top: -30px !important;}&#8221;][vc_column width=&#8221;1\/2&#8243; css=&#8221;.vc_custom_1510231856196{margin-right: -3px !important;margin-left: -3px !important;}&#8221;][vc_custom_heading text=&#8221;PODOS Magyarorsz\u00e1gi forgalmaz\u00f3&#8221; font_container=&#8221;tag:h3|text_align:center&#8221; google_fonts=&#8221;font_family:Open%20Sans%3A300%2C300italic%2Cregular%2Citalic%2C600%2C600italic%2C700%2C700italic%2C800%2C800italic|font_style:400%20regular%3A400%3Anormal&#8221;][vc_separator color=&#8221;custom&#8221; el_width=&#8221;20&#8243; css_animation=&#8221;fadeInLeft&#8221; accent_color=&#8221;#da6317&#8243;][vc_column_text] PODOSAN\u00a0L\u00e1beg\u00e9szs\u00e9g\u00fcgyi \u00e9s Kereskedelmi Kft. c\u00edm:\u00a01016\u00a0 Budapest\u00a0 Zsolt utca 4. telefon:\u00a0+36 30 219 0100 email:\u00a0info@ciposterilizator.hu [\/vc_column_text][\/vc_column][vc_column width=&#8221;1\/2&#8243;][vc_custom_heading text=&#8221;Szakmai fel\u00fcgyelet \u00e9s tan\u00e1csad\u00f3&#8221; font_container=&#8221;tag:h3|text_align:center&#8221; google_fonts=&#8221;font_family:Open%20Sans%3A300%2C300italic%2Cregular%2Citalic%2C600%2C600italic%2C700%2C700italic%2C800%2C800italic|font_style:400%20regular%3A400%3Anormal&#8221;][vc_separator color=&#8221;custom&#8221; el_width=&#8221;20&#8243; css_animation=&#8221;fadeInLeft&#8221; accent_color=&#8221;#da6317&#8243;][vc_column_text] N\u00e9met B\u0151rgy\u00f3gy\u00e1szati Int\u00e9zet\u00a0 c\u00edm: 1016 Budapest\u00a0Zsolt utca 4. telefon: +36 30 219 0100 www.koromgomba.eu [\/vc_column_text][\/vc_column][\/vc_row][vc_row][vc_column][vc_empty_space][\/vc_column][\/vc_row][vc_row&#8230;<\/p>\n","protected":false},"author":1,"featured_media":0,"parent":0,"menu_order":0,"comment_status":"open","ping_status":"open","template":"page-no-sidebar.php","meta":{"footnotes":""},"class_list":["post-102","page","type-page","status-publish","hentry"],"_links":{"self":[{"href":"https:\/\/borgyogyaszespedikuros.hu\/index.php\/wp-json\/wp\/v2\/pages\/102","targetHints":{"allow":["GET"]}}],"collection":[{"href":"https:\/\/borgyogyaszespedikuros.hu\/index.php\/wp-json\/wp\/v2\/pages"}],"about":[{"href":"https:\/\/borgyogyaszespedikuros.hu\/index.php\/wp-json\/wp\/v2\/types\/page"}],"author":[{"embeddable":true,"href":"https:\/\/borgyogyaszespedikuros.hu\/index.php\/wp-json\/wp\/v2\/users\/1"}],"replies":[{"embeddable":true,"href":"https:\/\/borgyogyaszespedikuros.hu\/index.php\/wp-json\/wp\/v2\/comments?post=102"}],"version-history":[{"count":7,"href":"https:\/\/borgyogyaszespedikuros.hu\/index.php\/wp-json\/wp\/v2\/pages\/102\/revisions"}],"predecessor-version":[{"id":13412,"href":"https:\/\/borgyogyaszespedikuros.hu\/index.php\/wp-json\/wp\/v2\/pages\/102\/revisions\/13412"}],"wp:attachment":[{"href":"https:\/\/borgyogyaszespedikuros.hu\/index.php\/wp-json\/wp\/v2\/media?parent=102"}],"curies":[{"name":"wp","href":"https:\/\/api.w.org\/{rel}","templated":true}]}}